{"id":7217,"date":"2022-08-06T08:46:38","date_gmt":"2022-08-06T06:46:38","guid":{"rendered":"https:\/\/bellagiovillas.com\/allgemeine-datenschutzverordnung-cookie-richtlinie\/"},"modified":"2022-08-06T08:46:38","modified_gmt":"2022-08-06T06:46:38","slug":"allgemeine-datenschutzverordnung-cookie-richtlinie","status":"publish","type":"page","link":"https:\/\/bellagiovillas.com\/de\/allgemeine-datenschutzverordnung-cookie-richtlinie\/","title":{"rendered":"Allgemeine Datenschutzverordnung &#038; Cookie-Richtlinie"},"content":{"rendered":"[vc_row type=&#8221;in_container&#8221; full_screen_row_position=&#8221;middle&#8221; column_margin=&#8221;default&#8221; column_direction=&#8221;default&#8221; column_direction_tablet=&#8221;default&#8221; column_direction_phone=&#8221;default&#8221; bg_color=&#8221;#ffffff&#8221; scene_position=&#8221;center&#8221; bottom_padding=&#8221;5%&#8221; text_color=&#8221;dark&#8221; text_align=&#8221;left&#8221; row_border_radius=&#8221;none&#8221; row_border_radius_applies=&#8221;bg&#8221; overflow=&#8221;visible&#8221; overlay_strength=&#8221;0.3&#8243; gradient_direction=&#8221;left_to_right&#8221; shape_divider_position=&#8221;bottom&#8221; bg_image_animation=&#8221;none&#8221; shape_type=&#8221;&#8221;][vc_column column_padding=&#8221;no-extra-padding&#8221; column_padding_tablet=&#8221;inherit&#8221; column_padding_phone=&#8221;inherit&#8221; column_padding_position=&#8221;all&#8221; column_element_spacing=&#8221;default&#8221; background_color_opacity=&#8221;1&#8243; background_hover_color_opacity=&#8221;1&#8243; column_shadow=&#8221;none&#8221; column_border_radius=&#8221;none&#8221; column_link_target=&#8221;_self&#8221; column_position=&#8221;default&#8221; gradient_direction=&#8221;left_to_right&#8221; overlay_strength=&#8221;0.3&#8243; width=&#8221;1\/1&#8243; tablet_width_inherit=&#8221;default&#8221; tablet_text_alignment=&#8221;default&#8221; phone_text_alignment=&#8221;default&#8221; animation_type=&#8221;default&#8221; bg_image_animation=&#8221;none&#8221; border_type=&#8221;simple&#8221; column_border_width=&#8221;none&#8221; column_border_style=&#8221;solid&#8221;][vc_column_text]\n<h1><span>Informationen zur Verarbeitung personenbezogener Daten<\/span><\/h1>\n<h3><span>Gem\u00e4\u00df EU-Verordnung 2016\/679<\/span><\/h3>\n<p><a href=\"http:\/\/bellagiovillas.com\/wp-content\/uploads\/2018\/05\/Informativa-trattamento-dei-dati-personali.pdf\"><span>Bitte klicken Sie hier, um die Datenschutzerkl\u00e4rung f\u00fcr Bellagio Villas di Mattia Bellini herunterzuladen<\/span><\/a><\/p>\n<p>&nbsp;<\/p>\n<p>&nbsp;<\/p>\n<h2><span>Cookies und ihre Vorteile<\/span><\/h2>\n<p><span>Diese Website speichert einige User-Agent-Daten auf anonyme Weise.\u00a0Diese Daten werden verwendet, um Ihren Aufenthaltsort auf unserer Website in \u00dcbereinstimmung mit der europ\u00e4ischen Datenschutz-Grundverordnung zu verfolgen.\u00a0Anwendungen von Drittanbietern (z. B. YouTube) k\u00f6nnen Werbe-Popups anzeigen.\u00a0Wenn Sie sich entscheiden, zuk\u00fcnftiges Tracking abzulehnen, wird ein Cookie in Ihrem Browser eingerichtet, um diese Wahl f\u00fcr ein Jahr zu speichern.<\/span><\/p>\n<p><span>Unsere Website verwendet Cookies, wie fast alle Websites, um Ihnen das bestm\u00f6gliche Erlebnis zu bieten.\u00a0Cookies sind kleine Textdateien, die auf Ihrem Computer oder Mobiltelefon abgelegt werden, wenn Sie Websites durchsuchen.\u00a0Wenn Sie etwas finden, das Ihrer Meinung nach nicht unserer Cookie-Richtlinie entspricht, informieren Sie uns bitte.<\/span><\/p>\n<p><span>Unsere Cookies helfen uns:<\/span><\/p>\n<ul>\n<li><span>Sorgen Sie daf\u00fcr, dass unsere Website so funktioniert, wie Sie es erwarten<\/span><\/li>\n<li><span>Merken Sie sich Ihre Einstellungen w\u00e4hrend und zwischen Besuchen<\/span><\/li>\n<li><span>Verbessern Sie die Geschwindigkeit\/Sicherheit der Website<\/span><\/li>\n<li><span>Ihnen erlauben, Seiten mit sozialen Netzwerken wie Facebook zu teilen<\/span><\/li>\n<li><span>Verbessern Sie unsere Website kontinuierlich f\u00fcr Sie<\/span><\/li>\n<li><span>Machen Sie unser Marketing effizienter (was uns letztendlich hilft, den Service, den wir leisten, zu dem Preis anzubieten, den wir leisten)<\/span><\/li>\n<\/ul>\n<p><span>Wir verwenden Cookies nicht, um:<\/span><\/p>\n<ul>\n<li><span>Sammeln Sie alle personenbezogenen Daten (ohne Ihre ausdr\u00fcckliche Erlaubnis)<\/span><\/li>\n<li><span>Daten an Werbenetzwerke weitergeben<\/span><\/li>\n<li><span>Personenbezogene Daten an Dritte weitergeben<\/span><\/li>\n<li><span>Verkaufsprovisionen bezahlen<\/span><\/li>\n<\/ul>\n<p><span>Nachfolgend erfahren Sie mehr \u00fcber alle Cookies, die wir verwenden<\/span><\/p>\n<h2><span>Erteilen Sie uns die Erlaubnis, Cookies zu verwenden<\/span><\/h2>\n<p><span>Wenn die Einstellungen Ihrer Software, die Sie zum Anzeigen dieser Website verwenden (Ihr Browser), so eingestellt sind, dass Cookies akzeptiert werden, gehen wir davon aus, dass Sie damit einverstanden sind, und dass Sie unsere Website weiterhin nutzen.\u00a0Wenn Sie Cookies von unserer Website entfernen oder nicht verwenden m\u00f6chten, erfahren Sie unten, wie Sie dies tun k\u00f6nnen. Dies bedeutet jedoch wahrscheinlich, dass unsere Website nicht wie erwartet funktioniert.<\/span><\/p>\n<h2><span>Mehr \u00fcber unsere Cookies<\/span><\/h2>\n<h3><span>Website-Funktions-Cookies<\/span><\/h3>\n<h3><span>Unsere eigenen Kekse<\/span><\/h3>\n<p><span>Wir verwenden Cookies, damit unsere Website funktioniert, einschlie\u00dflich:<\/span><\/p>\n<ul>\n<li><span>Speichern Ihrer Sucheinstellungen<\/span><\/li>\n<li><span>Erinnern, ob Sie unsere Allgemeinen Gesch\u00e4ftsbedingungen akzeptiert haben<\/span><\/li>\n<li><span>Damit Sie Kommentare zu unserer Website hinzuf\u00fcgen k\u00f6nnen<\/span><\/li>\n<li><span>Erinnern, ob wir Ihnen bereits bestimmte Fragen gestellt haben (z. B. Sie haben sich geweigert, unsere App zu verwenden oder an unserer Umfrage teilzunehmen)<\/span><\/li>\n<\/ul>\n<p><span>Es gibt keine andere M\u00f6glichkeit, das Setzen dieser Cookies zu verhindern, als unsere Website nicht zu nutzen.<\/span><\/p>\n<h3><span>Funktionen von Drittanbietern<\/span><\/h3>\n<p><span>Unsere Website enth\u00e4lt, wie die meisten Websites, Funktionen, die von Dritten bereitgestellt werden.\u00a0Ein g\u00e4ngiges Beispiel ist ein eingebettetes YouTube-Video.\u00a0Unsere Website enth\u00e4lt Folgendes, das Cookies verwendet:<\/span><\/p>\n<p><span>YouTube (youtube.com), Google Maps (google.com\/maps\/), Wufoo Templates (wufoo.com), Twine Social (twinesocial.com), Revolution Slider (revolution.themepunch.com), WordPress Stat (wp-statistics .com), Google Fonts (fonts.google.com).<\/span><\/p>\n<p><span>Das Deaktivieren dieser Cookies wird wahrscheinlich die von diesen Drittanbietern angebotenen Funktionen beeintr\u00e4chtigen.\u00a0Bitte lesen Sie die entsprechenden Datenschutz- und Cookie-Richtlinien auf der entsprechenden Website des Funktionsanbieters.\u00a0Wir sind nicht verantwortlich f\u00fcr die Speicherung und Verwendung von Cookies von Drittanbietern.<\/span><\/p>\n<h3><span>Cookies f\u00fcr soziale Websites<\/span><\/h3>\n<p><span>Damit Sie unsere Inhalte ganz einfach auf Facebook und Twitter liken oder teilen k\u00f6nnen, haben wir Schaltfl\u00e4chen zum Teilen auf unserer Website integriert.<\/span><\/p>\n<p><span>Cookies werden gesetzt von: Facebook, Twitter, Google+, Instagram, Linkedin, Spotify und Pinterest.<\/span><\/p>\n<p><span>Die diesbez\u00fcglichen Auswirkungen auf den Datenschutz variieren von sozialem Netzwerk zu sozialem Netzwerk und h\u00e4ngen von den Datenschutzeinstellungen ab, die Sie in diesen Netzwerken gew\u00e4hlt haben.<\/span><\/p>\n<h3><span>Cookies f\u00fcr anonyme Besucherstatistiken<\/span><\/h3>\n<p><span>Wir verwenden Cookies, um Besucherstatistiken zu erstellen, z. B. wie viele Personen unsere Website besucht haben, welche Art von Technologie sie verwenden (z. B. Mac oder Windows, wodurch festgestellt werden kann, wann unsere Website f\u00fcr bestimmte Technologien nicht ordnungsgem\u00e4\u00df funktioniert), wie lange sie auf der Website ausgeben, welche Seite sie sich ansehen usw. Dies hilft uns, unsere Website kontinuierlich zu verbessern.\u00a0Diese sogenannten \u201eAnalytics\u201c-Programme teilen uns auch auf anonymer Basis mit, wie Personen auf diese Seite gelangt sind (z. B. \u00fcber eine Suchmaschine) und ob sie schon einmal hier waren, um uns dabei zu helfen, mehr Geld in die Entwicklung unserer Dienste f\u00fcr Sie zu stecken, anstatt Marketingausgaben.<\/span><\/p>\n<p><span>Wir gebrauchen:<\/span><\/p>\n<p><span>WP Statistics V 12.3.6 oder seine Updates und die zugeh\u00f6rigen Daten GeoLite2 von MaxMind.<\/span><\/p>\n<h3><span>Deaktivieren von Cookies<\/span><\/h3>\n<p><span>Sie k\u00f6nnen Cookies normalerweise deaktivieren, indem Sie Ihre Browsereinstellungen so anpassen, dass er keine Cookies akzeptiert (Erfahren Sie\u00a0<\/span><a href=\"http:\/\/www.attacat.co.uk\/resources\/cookies\/how-to-ban\"><span>hier<\/span><\/a><span>\u00a0, wie ).\u00a0Dies wird jedoch wahrscheinlich die Funktionalit\u00e4t unserer und eines gro\u00dfen Teils der Websites weltweit einschr\u00e4nken, da Cookies ein Standardbestandteil der meisten modernen Websites sind<\/span><\/p>\n<p><span>M\u00f6glicherweise beziehen sich Ihre Bedenken in Bezug auf Cookies auf sogenannte \u201eSpyware\u201c.\u00a0Anstatt Cookies in Ihrem Browser zu deaktivieren, werden Sie m\u00f6glicherweise feststellen, dass Anti-Spyware-Software dasselbe Ziel erreicht, indem sie Cookies, die als invasiv gelten, automatisch l\u00f6scht.\u00a0Erfahren Sie mehr \u00fcber die\u00a0<\/span><a href=\"http:\/\/www.attacat.co.uk\/resources\/cookies\/how-to-control-your-online-privacy\"><span>Verwaltung von Cookies mit Antispyware-Software<\/span><\/a><span>\u00a0.<\/span><\/p>\n<p><span>Der Cookie-Informationstext auf dieser Website wurde von Inhalten abgeleitet, die von Attacat Internet Marketing\u00a0<\/span><a href=\"http:\/\/www.attacat.co.uk\/\"><span>http:\/\/www.attacat.co.uk\/<\/span><\/a><span>\u00a0, einer Marketingagentur mit Sitz in Edinburgh, bereitgestellt wurden.\u00a0Wenn Sie \u00e4hnliche Informationen f\u00fcr Ihre eigene Website ben\u00f6tigen, k\u00f6nnen Sie deren\u00a0<\/span><a href=\"http:\/\/www.attacat.co.uk\/resources\/cookies\"><span>Cookie-Audit-Tool verwenden<\/span><\/a><span>\u00a0.<\/span>[\/vc_column_text][\/vc_column][\/vc_row]\n","protected":false},"excerpt":{"rendered":"<p>[vc_row type=&#8221;in_container&#8221; full_screen_row_position=&#8221;middle&#8221; column_margin=&#8221;default&#8221; column_direction=&#8221;default&#8221; column_direction_tablet=&#8221;default&#8221; column_direction_phone=&#8221;default&#8221; bg_color=&#8221;#ffffff&#8221; scene_position=&#8221;center&#8221; bottom_padding=&#8221;5%&#8221; text_color=&#8221;dark&#8221; text_align=&#8221;left&#8221; row_border_radius=&#8221;none&#8221; row_border_radius_applies=&#8221;bg&#8221; overflow=&#8221;visible&#8221; overlay_strength=&#8221;0.3&#8243; gradient_direction=&#8221;left_to_right&#8221; shape_divider_position=&#8221;bottom&#8221; bg_image_animation=&#8221;none&#8221; shape_type=&#8221;&#8221;][vc_column column_padding=&#8221;no-extra-padding&#8221; column_padding_tablet=&#8221;inherit&#8221; column_padding_phone=&#8221;inherit&#8221; column_padding_position=&#8221;all&#8221; column_element_spacing=&#8221;default&#8221; background_color_opacity=&#8221;1&#8243; background_hover_color_opacity=&#8221;1&#8243; column_shadow=&#8221;none&#8221; column_border_radius=&#8221;none&#8221; column_link_target=&#8221;_self&#8221;&#8230;<\/p>\n","protected":false},"author":1,"featured_media":0,"parent":0,"menu_order":0,"comment_status":"closed","ping_status":"closed","template":"","meta":{"footnotes":""},"yoast_head":"<!-- This site is optimized with the Yoast SEO plugin v22.9 - https:\/\/yoast.com\/wordpress\/plugins\/seo\/ -->\n<title>Allgemeine Datenschutzverordnung &amp; Cookie-Richtlinie - Bellagio Villas<\/title>\n<meta name=\"robots\" content=\"index, follow, max-snippet:-1, max-image-preview:large, max-video-preview:-1\" \/>\n<link rel=\"canonical\" href=\"https:\/\/bellagiovillas.com\/de\/allgemeine-datenschutzverordnung-cookie-richtlinie\/\" \/>\n<meta property=\"og:locale\" content=\"de_DE\" \/>\n<meta property=\"og:type\" content=\"article\" \/>\n<meta property=\"og:title\" content=\"Allgemeine Datenschutzverordnung &amp; Cookie-Richtlinie - Bellagio Villas\" \/>\n<meta property=\"og:description\" content=\"[vc_row type=&#8221;in_container&#8221; full_screen_row_position=&#8221;middle&#8221; column_margin=&#8221;default&#8221; column_direction=&#8221;default&#8221; column_direction_tablet=&#8221;default&#8221; column_direction_phone=&#8221;default&#8221; bg_color=&#8221;#ffffff&#8221; scene_position=&#8221;center&#8221; bottom_padding=&#8221;5%&#8221; text_color=&#8221;dark&#8221; text_align=&#8221;left&#8221; row_border_radius=&#8221;none&#8221; row_border_radius_applies=&#8221;bg&#8221; overflow=&#8221;visible&#8221; overlay_strength=&#8221;0.3&#8243; gradient_direction=&#8221;left_to_right&#8221; shape_divider_position=&#8221;bottom&#8221; bg_image_animation=&#8221;none&#8221; shape_type=&#8221;&#8221;][vc_column column_padding=&#8221;no-extra-padding&#8221; column_padding_tablet=&#8221;inherit&#8221; column_padding_phone=&#8221;inherit&#8221; column_padding_position=&#8221;all&#8221; column_element_spacing=&#8221;default&#8221; background_color_opacity=&#8221;1&#8243; background_hover_color_opacity=&#8221;1&#8243; column_shadow=&#8221;none&#8221; column_border_radius=&#8221;none&#8221; column_link_target=&#8221;_self&#8221;...\" \/>\n<meta property=\"og:url\" content=\"https:\/\/bellagiovillas.com\/de\/allgemeine-datenschutzverordnung-cookie-richtlinie\/\" \/>\n<meta property=\"og:site_name\" content=\"Bellagio Villas\" \/>\n<meta property=\"article:publisher\" content=\"https:\/\/www.facebook.com\/bellagiovillas\/\" \/>\n<meta name=\"twitter:label1\" content=\"Gesch\u00e4tzte Lesezeit\" \/>\n\t<meta name=\"twitter:data1\" content=\"5\u00a0Minuten\" \/>\n<script type=\"application\/ld+json\" class=\"yoast-schema-graph\">{\"@context\":\"https:\/\/schema.org\",\"@graph\":[{\"@type\":\"WebPage\",\"@id\":\"https:\/\/bellagiovillas.com\/de\/allgemeine-datenschutzverordnung-cookie-richtlinie\/\",\"url\":\"https:\/\/bellagiovillas.com\/de\/allgemeine-datenschutzverordnung-cookie-richtlinie\/\",\"name\":\"Allgemeine Datenschutzverordnung & Cookie-Richtlinie - Bellagio Villas\",\"isPartOf\":{\"@id\":\"https:\/\/bellagiovillas.com\/de\/#website\"},\"datePublished\":\"2022-08-06T06:46:38+00:00\",\"dateModified\":\"2022-08-06T06:46:38+00:00\",\"breadcrumb\":{\"@id\":\"https:\/\/bellagiovillas.com\/de\/allgemeine-datenschutzverordnung-cookie-richtlinie\/#breadcrumb\"},\"inLanguage\":\"de\",\"potentialAction\":[{\"@type\":\"ReadAction\",\"target\":[\"https:\/\/bellagiovillas.com\/de\/allgemeine-datenschutzverordnung-cookie-richtlinie\/\"]}]},{\"@type\":\"BreadcrumbList\",\"@id\":\"https:\/\/bellagiovillas.com\/de\/allgemeine-datenschutzverordnung-cookie-richtlinie\/#breadcrumb\",\"itemListElement\":[{\"@type\":\"ListItem\",\"position\":1,\"name\":\"Bellagio Villas\",\"item\":\"https:\/\/bellagiovillas.com\/de\/\"},{\"@type\":\"ListItem\",\"position\":2,\"name\":\"Allgemeine Datenschutzverordnung &#038; Cookie-Richtlinie\"}]},{\"@type\":\"WebSite\",\"@id\":\"https:\/\/bellagiovillas.com\/de\/#website\",\"url\":\"https:\/\/bellagiovillas.com\/de\/\",\"name\":\"Bellagio Villas\",\"description\":\"Living the dream\",\"potentialAction\":[{\"@type\":\"SearchAction\",\"target\":{\"@type\":\"EntryPoint\",\"urlTemplate\":\"https:\/\/bellagiovillas.com\/de\/?s={search_term_string}\"},\"query-input\":\"required name=search_term_string\"}],\"inLanguage\":\"de\"}]}<\/script>\n<!-- \/ Yoast SEO plugin. -->","yoast_head_json":{"title":"Allgemeine Datenschutzverordnung & Cookie-Richtlinie - Bellagio Villas","robots":{"index":"index","follow":"follow","max-snippet":"max-snippet:-1","max-image-preview":"max-image-preview:large","max-video-preview":"max-video-preview:-1"},"canonical":"https:\/\/bellagiovillas.com\/de\/allgemeine-datenschutzverordnung-cookie-richtlinie\/","og_locale":"de_DE","og_type":"article","og_title":"Allgemeine Datenschutzverordnung & Cookie-Richtlinie - Bellagio Villas","og_description":"[vc_row type=&#8221;in_container&#8221; full_screen_row_position=&#8221;middle&#8221; column_margin=&#8221;default&#8221; column_direction=&#8221;default&#8221; column_direction_tablet=&#8221;default&#8221; column_direction_phone=&#8221;default&#8221; bg_color=&#8221;#ffffff&#8221; scene_position=&#8221;center&#8221; bottom_padding=&#8221;5%&#8221; text_color=&#8221;dark&#8221; text_align=&#8221;left&#8221; row_border_radius=&#8221;none&#8221; row_border_radius_applies=&#8221;bg&#8221; overflow=&#8221;visible&#8221; overlay_strength=&#8221;0.3&#8243; gradient_direction=&#8221;left_to_right&#8221; shape_divider_position=&#8221;bottom&#8221; bg_image_animation=&#8221;none&#8221; shape_type=&#8221;&#8221;][vc_column column_padding=&#8221;no-extra-padding&#8221; column_padding_tablet=&#8221;inherit&#8221; column_padding_phone=&#8221;inherit&#8221; column_padding_position=&#8221;all&#8221; column_element_spacing=&#8221;default&#8221; background_color_opacity=&#8221;1&#8243; background_hover_color_opacity=&#8221;1&#8243; column_shadow=&#8221;none&#8221; column_border_radius=&#8221;none&#8221; column_link_target=&#8221;_self&#8221;...","og_url":"https:\/\/bellagiovillas.com\/de\/allgemeine-datenschutzverordnung-cookie-richtlinie\/","og_site_name":"Bellagio Villas","article_publisher":"https:\/\/www.facebook.com\/bellagiovillas\/","twitter_misc":{"Gesch\u00e4tzte Lesezeit":"5\u00a0Minuten"},"schema":{"@context":"https:\/\/schema.org","@graph":[{"@type":"WebPage","@id":"https:\/\/bellagiovillas.com\/de\/allgemeine-datenschutzverordnung-cookie-richtlinie\/","url":"https:\/\/bellagiovillas.com\/de\/allgemeine-datenschutzverordnung-cookie-richtlinie\/","name":"Allgemeine Datenschutzverordnung & Cookie-Richtlinie - Bellagio Villas","isPartOf":{"@id":"https:\/\/bellagiovillas.com\/de\/#website"},"datePublished":"2022-08-06T06:46:38+00:00","dateModified":"2022-08-06T06:46:38+00:00","breadcrumb":{"@id":"https:\/\/bellagiovillas.com\/de\/allgemeine-datenschutzverordnung-cookie-richtlinie\/#breadcrumb"},"inLanguage":"de","potentialAction":[{"@type":"ReadAction","target":["https:\/\/bellagiovillas.com\/de\/allgemeine-datenschutzverordnung-cookie-richtlinie\/"]}]},{"@type":"BreadcrumbList","@id":"https:\/\/bellagiovillas.com\/de\/allgemeine-datenschutzverordnung-cookie-richtlinie\/#breadcrumb","itemListElement":[{"@type":"ListItem","position":1,"name":"Bellagio Villas","item":"https:\/\/bellagiovillas.com\/de\/"},{"@type":"ListItem","position":2,"name":"Allgemeine Datenschutzverordnung &#038; Cookie-Richtlinie"}]},{"@type":"WebSite","@id":"https:\/\/bellagiovillas.com\/de\/#website","url":"https:\/\/bellagiovillas.com\/de\/","name":"Bellagio Villas","description":"Living the dream","potentialAction":[{"@type":"SearchAction","target":{"@type":"EntryPoint","urlTemplate":"https:\/\/bellagiovillas.com\/de\/?s={search_term_string}"},"query-input":"required name=search_term_string"}],"inLanguage":"de"}]}},"_links":{"self":[{"href":"https:\/\/bellagiovillas.com\/de\/wp-json\/wp\/v2\/pages\/7217"}],"collection":[{"href":"https:\/\/bellagiovillas.com\/de\/wp-json\/wp\/v2\/pages"}],"about":[{"href":"https:\/\/bellagiovillas.com\/de\/wp-json\/wp\/v2\/types\/page"}],"author":[{"embeddable":true,"href":"https:\/\/bellagiovillas.com\/de\/wp-json\/wp\/v2\/users\/1"}],"replies":[{"embeddable":true,"href":"https:\/\/bellagiovillas.com\/de\/wp-json\/wp\/v2\/comments?post=7217"}],"version-history":[{"count":2,"href":"https:\/\/bellagiovillas.com\/de\/wp-json\/wp\/v2\/pages\/7217\/revisions"}],"predecessor-version":[{"id":7219,"href":"https:\/\/bellagiovillas.com\/de\/wp-json\/wp\/v2\/pages\/7217\/revisions\/7219"}],"wp:attachment":[{"href":"https:\/\/bellagiovillas.com\/de\/wp-json\/wp\/v2\/media?parent=7217"}],"curies":[{"name":"wp","href":"https:\/\/api.w.org\/{rel}","templated":true}]}}