{"id":7214,"date":"2022-08-06T08:45:41","date_gmt":"2022-08-06T06:45:41","guid":{"rendered":"https:\/\/bellagiovillas.com\/reglement-general-sur-la-protection-des-donnees-politique-cookies\/"},"modified":"2022-08-06T08:45:41","modified_gmt":"2022-08-06T06:45:41","slug":"reglement-general-sur-la-protection-des-donnees-politique-cookies","status":"publish","type":"page","link":"https:\/\/bellagiovillas.com\/fr\/reglement-general-sur-la-protection-des-donnees-politique-cookies\/","title":{"rendered":"R\u00e8glement G\u00e9n\u00e9ral sur la Protection des Donn\u00e9es &#038; Politique Cookies"},"content":{"rendered":"[vc_row type=&#8221;in_container&#8221; full_screen_row_position=&#8221;middle&#8221; column_margin=&#8221;default&#8221; column_direction=&#8221;default&#8221; column_direction_tablet=&#8221;default&#8221; column_direction_phone=&#8221;default&#8221; bg_color=&#8221;#ffffff&#8221; scene_position=&#8221;center&#8221; bottom_padding=&#8221;5%&#8221; text_color=&#8221;dark&#8221; text_align=&#8221;left&#8221; row_border_radius=&#8221;none&#8221; row_border_radius_applies=&#8221;bg&#8221; overflow=&#8221;visible&#8221; overlay_strength=&#8221;0.3&#8243; gradient_direction=&#8221;left_to_right&#8221; shape_divider_position=&#8221;bottom&#8221; bg_image_animation=&#8221;none&#8221; shape_type=&#8221;&#8221;][vc_column column_padding=&#8221;no-extra-padding&#8221; column_padding_tablet=&#8221;inherit&#8221; column_padding_phone=&#8221;inherit&#8221; column_padding_position=&#8221;all&#8221; column_element_spacing=&#8221;default&#8221; background_color_opacity=&#8221;1&#8243; background_hover_color_opacity=&#8221;1&#8243; column_shadow=&#8221;none&#8221; column_border_radius=&#8221;none&#8221; column_link_target=&#8221;_self&#8221; column_position=&#8221;default&#8221; gradient_direction=&#8221;left_to_right&#8221; overlay_strength=&#8221;0.3&#8243; width=&#8221;1\/1&#8243; tablet_width_inherit=&#8221;default&#8221; tablet_text_alignment=&#8221;default&#8221; phone_text_alignment=&#8221;default&#8221; animation_type=&#8221;default&#8221; bg_image_animation=&#8221;none&#8221; border_type=&#8221;simple&#8221; column_border_width=&#8221;none&#8221; column_border_style=&#8221;solid&#8221;][vc_column_text]\n<h1><span>Informations sur le traitement des donn\u00e9es personnelles<\/span><\/h1>\n<h3><span>Conform\u00e9ment au R\u00e8glement UE 2016\/679<\/span><\/h3>\n<p><a href=\"http:\/\/bellagiovillas.com\/wp-content\/uploads\/2018\/05\/Informativa-trattamento-dei-dati-personali.pdf\"><span>Veuillez cliquer ici pour t\u00e9l\u00e9charger la clause de non-responsabilit\u00e9 relative \u00e0 la confidentialit\u00e9 de Bellagio Villas di Mattia Bellini<\/span><\/a><\/p>\n<p>&nbsp;<\/p>\n<p>&nbsp;<\/p>\n<h2><span>Les cookies et leurs avantages pour vous<\/span><\/h2>\n<p><span>Ce site Web stocke certaines donn\u00e9es de l&#8217;agent utilisateur de mani\u00e8re anonyme.\u00a0Ces donn\u00e9es sont utilis\u00e9es pour suivre votre localisation sur notre site Web conform\u00e9ment au r\u00e8glement g\u00e9n\u00e9ral europ\u00e9en sur la protection des donn\u00e9es.\u00a0Les applications tierces (par exemple YouTube) peuvent afficher des fen\u00eatres publicitaires.\u00a0Si vous d\u00e9cidez de vous d\u00e9sinscrire de tout suivi futur, un cookie sera install\u00e9 dans votre navigateur pour m\u00e9moriser ce choix pendant un an.<\/span><\/p>\n<p><span>Notre site Web utilise des cookies, comme presque tous les sites Web, pour vous offrir la meilleure exp\u00e9rience possible.\u00a0Les cookies sont de petits fichiers texte qui sont plac\u00e9s sur votre ordinateur ou votre t\u00e9l\u00e9phone mobile lorsque vous naviguez sur des sites Web.\u00a0Si vous trouvez quelque chose qui, selon vous, n&#8217;est pas conforme \u00e0 notre politique en mati\u00e8re de cookies, veuillez nous en informer.<\/span><\/p>\n<p><span>Nos cookies nous aident :<\/span><\/p>\n<ul>\n<li><span>Faites en sorte que notre site Web fonctionne comme vous l&#8217;attendez<\/span><\/li>\n<li><span>M\u00e9morisez vos param\u00e8tres pendant et entre les visites<\/span><\/li>\n<li><span>Am\u00e9liorer la vitesse\/s\u00e9curit\u00e9 du site<\/span><\/li>\n<li><span>Vous permettre de partager des pages avec des r\u00e9seaux sociaux comme Facebook<\/span><\/li>\n<li><span>Am\u00e9liorer continuellement notre site Web pour vous<\/span><\/li>\n<li><span>Rendre notre marketing plus efficace (en fin de compte nous aider \u00e0 offrir le service que nous faisons au prix que nous faisons)<\/span><\/li>\n<\/ul>\n<p><span>Nous n&#8217;utilisons pas de cookies pour :<\/span><\/p>\n<ul>\n<li><span>Recueillir des informations personnellement identifiables (sans votre autorisation expresse)<\/span><\/li>\n<li><span>Transmettre les donn\u00e9es aux r\u00e9seaux publicitaires<\/span><\/li>\n<li><span>Transmettre des donn\u00e9es personnellement identifiables \u00e0 des tiers<\/span><\/li>\n<li><span>Payer des commissions de vente<\/span><\/li>\n<\/ul>\n<p><span>Vous pouvez en savoir plus sur tous les cookies que nous utilisons ci-dessous<\/span><\/p>\n<h2><span>Nous accordant la permission d&#8217;utiliser des cookies<\/span><\/h2>\n<p><span>Si les param\u00e8tres de votre logiciel que vous utilisez pour afficher ce site Web (votre navigateur) sont ajust\u00e9s pour accepter les cookies, nous consid\u00e9rons cela, et votre utilisation continue de notre site Web, comme signifiant que cela vous convient.\u00a0Si vous souhaitez supprimer ou ne pas utiliser les cookies de notre site, vous pouvez apprendre comment proc\u00e9der ci-dessous, mais cela signifiera probablement que notre site ne fonctionnera pas comme pr\u00e9vu.<\/span><\/p>\n<h2><span>En savoir plus sur nos Cookies<\/span><\/h2>\n<h3><span>Cookies de fonctionnement du site Web<\/span><\/h3>\n<h3><span>Nos propres cookies<\/span><\/h3>\n<p><span>Nous utilisons des cookies pour faire fonctionner notre site Web, notamment :<\/span><\/p>\n<ul>\n<li><span>Se souvenir de vos param\u00e8tres de recherche<\/span><\/li>\n<li><span>Se souvenir si vous avez accept\u00e9 nos termes et conditions<\/span><\/li>\n<li><span>Vous permettre d&#8217;ajouter des commentaires \u00e0 notre site<\/span><\/li>\n<li><span>Se souvenir si nous vous avons d\u00e9j\u00e0 pos\u00e9 certaines questions (par exemple, vous avez refus\u00e9 d&#8217;utiliser notre application ou de r\u00e9pondre \u00e0 notre enqu\u00eate)<\/span><\/li>\n<\/ul>\n<p><span>Il n&#8217;y a aucun moyen d&#8217;emp\u00eacher l&#8217;installation de ces cookies autre que de ne pas utiliser notre site.<\/span><\/p>\n<h3><span>Fonctions tierces<\/span><\/h3>\n<p><span>Notre site, comme la plupart des sites Web, inclut des fonctionnalit\u00e9s fournies par des tiers.\u00a0Un exemple courant est une vid\u00e9o YouTube int\u00e9gr\u00e9e.\u00a0Notre site comprend les \u00e9l\u00e9ments suivants qui utilisent des cookies :<\/span><\/p>\n<p><span>YouTube (youtube.com), Google Maps (google.com\/maps\/), Wufoo Templates (wufoo.com), Twine Social (twinesocial.com), Revolution Slider (revolution.themepunch.com), WordPress Stat (wp-statistics .com), Google Fonts (fonts.google.com).<\/span><\/p>\n<p><span>La d\u00e9sactivation de ces cookies cassera probablement les fonctions offertes par ces tiers.\u00a0Veuillez lire la politique de confidentialit\u00e9 et de cookies appropri\u00e9e sur le site Web correspondant du fournisseur de fonctionnalit\u00e9s.\u00a0Nous ne sommes pas responsables du stockage et de l&#8217;utilisation de cookies tiers.<\/span><\/p>\n<h3><span>Cookies de sites sociaux<\/span><\/h3>\n<p><span>Pour que vous puissiez facilement aimer ou partager notre contenu sur Facebook et Twitter, nous avons inclus des boutons de partage sur notre site.<\/span><\/p>\n<p><span>Les cookies sont d\u00e9finis par : Facebook, Twitter, Google+, Instagram, Linkedin, Spotify et Pinterest.<\/span><\/p>\n<p><span>Les implications en mati\u00e8re de confidentialit\u00e9 varient d&#8217;un r\u00e9seau social \u00e0 l&#8217;autre et d\u00e9pendent des param\u00e8tres de confidentialit\u00e9 que vous avez choisis sur ces r\u00e9seaux.<\/span><\/p>\n<h3><span>Cookies de statistiques de visiteurs anonymes<\/span><\/h3>\n<p><span>Nous utilisons des cookies pour compiler des statistiques sur les visiteurs, telles que le nombre de personnes ayant visit\u00e9 notre site Web, le type de technologie qu&#8217;elles utilisent (par exemple, Mac ou Windows, ce qui permet d&#8217;identifier lorsque notre site ne fonctionne pas comme il le devrait pour des technologies particuli\u00e8res), combien de temps qu&#8217;ils d\u00e9pensent sur le site, quelle page ils consultent, etc. Cela nous aide \u00e0 am\u00e9liorer continuellement notre site Web.\u00a0Ces programmes dits &#8220;d&#8217;analyse&#8221; nous disent \u00e9galement si, de mani\u00e8re anonyme, comment les gens sont arriv\u00e9s sur ce site (par exemple \u00e0 partir d&#8217;un moteur de recherche) et s&#8217;ils ont \u00e9t\u00e9 ici avant de nous aider \u00e0 investir plus d&#8217;argent dans le d\u00e9veloppement de nos services pour vous au lieu de d\u00e9penses de commercialisation.<\/span><\/p>\n<p><span>Nous utilisons:<\/span><\/p>\n<p><span>WP Statistics V 12.3.6 ou ses mises \u00e0 jour, et les donn\u00e9es associ\u00e9es GeoLite2 par MaxMind.<\/span><\/p>\n<h3><span>D\u00e9sactiver les cookies<\/span><\/h3>\n<p><span>Vous pouvez g\u00e9n\u00e9ralement d\u00e9sactiver les cookies en ajustant les param\u00e8tres de votre navigateur pour l&#8217;emp\u00eacher d&#8217;accepter les cookies (d\u00e9couvrez comment\u00a0<\/span><a href=\"http:\/\/www.attacat.co.uk\/resources\/cookies\/how-to-ban\"><span>ici<\/span><\/a><span>\u00a0).\u00a0Cependant, cela limitera probablement la fonctionnalit\u00e9 de nos sites Web et d&#8217;une grande partie des sites Web dans le monde, car les cookies font partie int\u00e9grante de la plupart des sites Web modernes.<\/span><\/p>\n<p><span>Il se peut que vos inqui\u00e9tudes concernant les cookies concernent ce que l&#8217;on appelle des &#8220;logiciels espions&#8221;.\u00a0Plut\u00f4t que de d\u00e9sactiver les cookies dans votre navigateur, vous constaterez peut-\u00eatre que les logiciels anti-espions atteignent le m\u00eame objectif en supprimant automatiquement les cookies consid\u00e9r\u00e9s comme invasifs.\u00a0En savoir plus sur\u00a0<\/span><a href=\"http:\/\/www.attacat.co.uk\/resources\/cookies\/how-to-control-your-online-privacy\"><span>la gestion des cookies avec un logiciel anti-espion<\/span><\/a><span>\u00a0.<\/span><\/p>\n<p><span>Le texte d&#8217;information sur les cookies de ce site provient du contenu fourni par Attacat Internet Marketing\u00a0<\/span><a href=\"http:\/\/www.attacat.co.uk\/\"><span>http:\/\/www.attacat.co.uk\/<\/span><\/a><span>\u00a0, une agence de marketing bas\u00e9e \u00e0 \u00c9dimbourg.\u00a0Si vous avez besoin d&#8217;informations similaires pour votre propre site Web, vous pouvez utiliser leur\u00a0<\/span><a href=\"http:\/\/www.attacat.co.uk\/resources\/cookies\"><span>outil d&#8217;audit des cookies<\/span><\/a><span>\u00a0.<\/span>[\/vc_column_text][\/vc_column][\/vc_row]\n","protected":false},"excerpt":{"rendered":"<p>[vc_row type=&#8221;in_container&#8221; full_screen_row_position=&#8221;middle&#8221; column_margin=&#8221;default&#8221; column_direction=&#8221;default&#8221; column_direction_tablet=&#8221;default&#8221; column_direction_phone=&#8221;default&#8221; bg_color=&#8221;#ffffff&#8221; scene_position=&#8221;center&#8221; bottom_padding=&#8221;5%&#8221; text_color=&#8221;dark&#8221; text_align=&#8221;left&#8221; row_border_radius=&#8221;none&#8221; row_border_radius_applies=&#8221;bg&#8221; overflow=&#8221;visible&#8221; overlay_strength=&#8221;0.3&#8243; gradient_direction=&#8221;left_to_right&#8221; shape_divider_position=&#8221;bottom&#8221; bg_image_animation=&#8221;none&#8221; shape_type=&#8221;&#8221;][vc_column column_padding=&#8221;no-extra-padding&#8221; column_padding_tablet=&#8221;inherit&#8221; column_padding_phone=&#8221;inherit&#8221; column_padding_position=&#8221;all&#8221; column_element_spacing=&#8221;default&#8221; background_color_opacity=&#8221;1&#8243; background_hover_color_opacity=&#8221;1&#8243; column_shadow=&#8221;none&#8221; column_border_radius=&#8221;none&#8221; column_link_target=&#8221;_self&#8221;&#8230;<\/p>\n","protected":false},"author":1,"featured_media":0,"parent":0,"menu_order":0,"comment_status":"closed","ping_status":"closed","template":"","meta":{"footnotes":""},"yoast_head":"<!-- This site is optimized with the Yoast SEO plugin v22.9 - https:\/\/yoast.com\/wordpress\/plugins\/seo\/ -->\n<title>R\u00e8glement G\u00e9n\u00e9ral sur la Protection des Donn\u00e9es &amp; Politique Cookies - Bellagio Villas<\/title>\n<meta name=\"robots\" content=\"index, follow, max-snippet:-1, max-image-preview:large, max-video-preview:-1\" \/>\n<link rel=\"canonical\" href=\"https:\/\/bellagiovillas.com\/fr\/reglement-general-sur-la-protection-des-donnees-politique-cookies\/\" \/>\n<meta property=\"og:locale\" content=\"fr_FR\" \/>\n<meta property=\"og:type\" content=\"article\" \/>\n<meta property=\"og:title\" content=\"R\u00e8glement G\u00e9n\u00e9ral sur la Protection des Donn\u00e9es &amp; Politique Cookies - Bellagio Villas\" \/>\n<meta property=\"og:description\" content=\"[vc_row type=&#8221;in_container&#8221; full_screen_row_position=&#8221;middle&#8221; column_margin=&#8221;default&#8221; column_direction=&#8221;default&#8221; column_direction_tablet=&#8221;default&#8221; column_direction_phone=&#8221;default&#8221; bg_color=&#8221;#ffffff&#8221; scene_position=&#8221;center&#8221; bottom_padding=&#8221;5%&#8221; text_color=&#8221;dark&#8221; text_align=&#8221;left&#8221; row_border_radius=&#8221;none&#8221; row_border_radius_applies=&#8221;bg&#8221; overflow=&#8221;visible&#8221; overlay_strength=&#8221;0.3&#8243; gradient_direction=&#8221;left_to_right&#8221; shape_divider_position=&#8221;bottom&#8221; bg_image_animation=&#8221;none&#8221; shape_type=&#8221;&#8221;][vc_column column_padding=&#8221;no-extra-padding&#8221; column_padding_tablet=&#8221;inherit&#8221; column_padding_phone=&#8221;inherit&#8221; column_padding_position=&#8221;all&#8221; column_element_spacing=&#8221;default&#8221; background_color_opacity=&#8221;1&#8243; background_hover_color_opacity=&#8221;1&#8243; column_shadow=&#8221;none&#8221; column_border_radius=&#8221;none&#8221; column_link_target=&#8221;_self&#8221;...\" \/>\n<meta property=\"og:url\" content=\"https:\/\/bellagiovillas.com\/fr\/reglement-general-sur-la-protection-des-donnees-politique-cookies\/\" \/>\n<meta property=\"og:site_name\" content=\"Bellagio Villas\" \/>\n<meta property=\"article:publisher\" content=\"https:\/\/www.facebook.com\/bellagiovillas\/\" \/>\n<meta name=\"twitter:label1\" content=\"Dur\u00e9e de lecture estim\u00e9e\" \/>\n\t<meta name=\"twitter:data1\" content=\"6 minutes\" \/>\n<script type=\"application\/ld+json\" class=\"yoast-schema-graph\">{\"@context\":\"https:\/\/schema.org\",\"@graph\":[{\"@type\":\"WebPage\",\"@id\":\"https:\/\/bellagiovillas.com\/fr\/reglement-general-sur-la-protection-des-donnees-politique-cookies\/\",\"url\":\"https:\/\/bellagiovillas.com\/fr\/reglement-general-sur-la-protection-des-donnees-politique-cookies\/\",\"name\":\"R\u00e8glement G\u00e9n\u00e9ral sur la Protection des Donn\u00e9es & Politique Cookies - Bellagio Villas\",\"isPartOf\":{\"@id\":\"https:\/\/bellagiovillas.com\/fr\/#website\"},\"datePublished\":\"2022-08-06T06:45:41+00:00\",\"dateModified\":\"2022-08-06T06:45:41+00:00\",\"breadcrumb\":{\"@id\":\"https:\/\/bellagiovillas.com\/fr\/reglement-general-sur-la-protection-des-donnees-politique-cookies\/#breadcrumb\"},\"inLanguage\":\"fr-FR\",\"potentialAction\":[{\"@type\":\"ReadAction\",\"target\":[\"https:\/\/bellagiovillas.com\/fr\/reglement-general-sur-la-protection-des-donnees-politique-cookies\/\"]}]},{\"@type\":\"BreadcrumbList\",\"@id\":\"https:\/\/bellagiovillas.com\/fr\/reglement-general-sur-la-protection-des-donnees-politique-cookies\/#breadcrumb\",\"itemListElement\":[{\"@type\":\"ListItem\",\"position\":1,\"name\":\"Bellagio Villas\",\"item\":\"https:\/\/bellagiovillas.com\/fr\/\"},{\"@type\":\"ListItem\",\"position\":2,\"name\":\"R\u00e8glement G\u00e9n\u00e9ral sur la Protection des Donn\u00e9es &#038; Politique Cookies\"}]},{\"@type\":\"WebSite\",\"@id\":\"https:\/\/bellagiovillas.com\/fr\/#website\",\"url\":\"https:\/\/bellagiovillas.com\/fr\/\",\"name\":\"Bellagio Villas\",\"description\":\"Living the dream\",\"potentialAction\":[{\"@type\":\"SearchAction\",\"target\":{\"@type\":\"EntryPoint\",\"urlTemplate\":\"https:\/\/bellagiovillas.com\/fr\/?s={search_term_string}\"},\"query-input\":\"required name=search_term_string\"}],\"inLanguage\":\"fr-FR\"}]}<\/script>\n<!-- \/ Yoast SEO plugin. -->","yoast_head_json":{"title":"R\u00e8glement G\u00e9n\u00e9ral sur la Protection des Donn\u00e9es & Politique Cookies - Bellagio Villas","robots":{"index":"index","follow":"follow","max-snippet":"max-snippet:-1","max-image-preview":"max-image-preview:large","max-video-preview":"max-video-preview:-1"},"canonical":"https:\/\/bellagiovillas.com\/fr\/reglement-general-sur-la-protection-des-donnees-politique-cookies\/","og_locale":"fr_FR","og_type":"article","og_title":"R\u00e8glement G\u00e9n\u00e9ral sur la Protection des Donn\u00e9es & Politique Cookies - Bellagio Villas","og_description":"[vc_row type=&#8221;in_container&#8221; full_screen_row_position=&#8221;middle&#8221; column_margin=&#8221;default&#8221; column_direction=&#8221;default&#8221; column_direction_tablet=&#8221;default&#8221; column_direction_phone=&#8221;default&#8221; bg_color=&#8221;#ffffff&#8221; scene_position=&#8221;center&#8221; bottom_padding=&#8221;5%&#8221; text_color=&#8221;dark&#8221; text_align=&#8221;left&#8221; row_border_radius=&#8221;none&#8221; row_border_radius_applies=&#8221;bg&#8221; overflow=&#8221;visible&#8221; overlay_strength=&#8221;0.3&#8243; gradient_direction=&#8221;left_to_right&#8221; shape_divider_position=&#8221;bottom&#8221; bg_image_animation=&#8221;none&#8221; shape_type=&#8221;&#8221;][vc_column column_padding=&#8221;no-extra-padding&#8221; column_padding_tablet=&#8221;inherit&#8221; column_padding_phone=&#8221;inherit&#8221; column_padding_position=&#8221;all&#8221; column_element_spacing=&#8221;default&#8221; background_color_opacity=&#8221;1&#8243; background_hover_color_opacity=&#8221;1&#8243; column_shadow=&#8221;none&#8221; column_border_radius=&#8221;none&#8221; column_link_target=&#8221;_self&#8221;...","og_url":"https:\/\/bellagiovillas.com\/fr\/reglement-general-sur-la-protection-des-donnees-politique-cookies\/","og_site_name":"Bellagio Villas","article_publisher":"https:\/\/www.facebook.com\/bellagiovillas\/","twitter_misc":{"Dur\u00e9e de lecture estim\u00e9e":"6 minutes"},"schema":{"@context":"https:\/\/schema.org","@graph":[{"@type":"WebPage","@id":"https:\/\/bellagiovillas.com\/fr\/reglement-general-sur-la-protection-des-donnees-politique-cookies\/","url":"https:\/\/bellagiovillas.com\/fr\/reglement-general-sur-la-protection-des-donnees-politique-cookies\/","name":"R\u00e8glement G\u00e9n\u00e9ral sur la Protection des Donn\u00e9es & Politique Cookies - Bellagio Villas","isPartOf":{"@id":"https:\/\/bellagiovillas.com\/fr\/#website"},"datePublished":"2022-08-06T06:45:41+00:00","dateModified":"2022-08-06T06:45:41+00:00","breadcrumb":{"@id":"https:\/\/bellagiovillas.com\/fr\/reglement-general-sur-la-protection-des-donnees-politique-cookies\/#breadcrumb"},"inLanguage":"fr-FR","potentialAction":[{"@type":"ReadAction","target":["https:\/\/bellagiovillas.com\/fr\/reglement-general-sur-la-protection-des-donnees-politique-cookies\/"]}]},{"@type":"BreadcrumbList","@id":"https:\/\/bellagiovillas.com\/fr\/reglement-general-sur-la-protection-des-donnees-politique-cookies\/#breadcrumb","itemListElement":[{"@type":"ListItem","position":1,"name":"Bellagio Villas","item":"https:\/\/bellagiovillas.com\/fr\/"},{"@type":"ListItem","position":2,"name":"R\u00e8glement G\u00e9n\u00e9ral sur la Protection des Donn\u00e9es &#038; Politique Cookies"}]},{"@type":"WebSite","@id":"https:\/\/bellagiovillas.com\/fr\/#website","url":"https:\/\/bellagiovillas.com\/fr\/","name":"Bellagio Villas","description":"Living the dream","potentialAction":[{"@type":"SearchAction","target":{"@type":"EntryPoint","urlTemplate":"https:\/\/bellagiovillas.com\/fr\/?s={search_term_string}"},"query-input":"required name=search_term_string"}],"inLanguage":"fr-FR"}]}},"_links":{"self":[{"href":"https:\/\/bellagiovillas.com\/fr\/wp-json\/wp\/v2\/pages\/7214"}],"collection":[{"href":"https:\/\/bellagiovillas.com\/fr\/wp-json\/wp\/v2\/pages"}],"about":[{"href":"https:\/\/bellagiovillas.com\/fr\/wp-json\/wp\/v2\/types\/page"}],"author":[{"embeddable":true,"href":"https:\/\/bellagiovillas.com\/fr\/wp-json\/wp\/v2\/users\/1"}],"replies":[{"embeddable":true,"href":"https:\/\/bellagiovillas.com\/fr\/wp-json\/wp\/v2\/comments?post=7214"}],"version-history":[{"count":2,"href":"https:\/\/bellagiovillas.com\/fr\/wp-json\/wp\/v2\/pages\/7214\/revisions"}],"predecessor-version":[{"id":7216,"href":"https:\/\/bellagiovillas.com\/fr\/wp-json\/wp\/v2\/pages\/7214\/revisions\/7216"}],"wp:attachment":[{"href":"https:\/\/bellagiovillas.com\/fr\/wp-json\/wp\/v2\/media?parent=7214"}],"curies":[{"name":"wp","href":"https:\/\/api.w.org\/{rel}","templated":true}]}}